{"id":10969,"date":"2019-05-28T14:44:11","date_gmt":"2019-05-28T14:44:11","guid":{"rendered":"https:\/\/www.batgara.com\/nueva\/?page_id=10969"},"modified":"2019-05-28T15:29:43","modified_gmt":"2019-05-28T15:29:43","slug":"politica-de-cookies","status":"publish","type":"page","link":"https:\/\/www.batgara.com\/nueva\/politica-de-cookies\/","title":{"rendered":"Pol\u00edtica de Cookies"},"content":{"rendered":"<section class=\"wpb-content-wrapper\"><p>[vc_row row_type=\u00bbparallax\u00bb parallax_background_image=\u00bb9008&#8243; css=\u00bb.vc_custom_1556634887535{padding-top: 50px !important;padding-bottom: 50px !important;}\u00bb anchor=\u00bbslide5&#8243;][vc_column][vc_empty_space height=\u00bb50px\u00bb][vc_row_inner row_content_width=\u00bbgrid\u00bb content_text_aligment=\u00bbleft\u00bb][vc_column_inner width=\u00bb1\/5&#8243;][\/vc_column_inner][vc_column_inner width=\u00bb3\/5&#8243;][vc_column_text]<\/p>\n<h3 style=\"color: #fff;\">\u00bfQu\u00e9 son las cookies?<\/h3>\n<p style=\"text-align: justify; color: #fff;\">Las cookies son peque\u00f1os archivos de texto que se descargan en tu equipo al acceder a una p\u00e1gina web.<\/p>\n<p style=\"text-align: justify; color: #fff;\">No son virus malignos, sino herramientas que cumplen un papel esencial para la prestaci\u00f3n de numerosos servicios en internet. Entre otras cosas permiten recordar el idioma en el que quieres navegar en la web, recopilar estad\u00edsticas para optimizar la funcionalidad del sitio o que puedas compartir nuestros contenidos en tus redes sociales.<\/p>\n<h3 style=\"color: #fff;\">\u00bfQu\u00e9 tipos de cookies utiliza esta p\u00e1gina web?<\/h3>\n<p style=\"text-align: justify; color: #fff;\">Cookies t\u00e9cnicas. Son aquellas creadas y gestionadas \u00fanicamente por nosotros y que permiten la navegaci\u00f3n a trav\u00e9s de nuestra p\u00e1gina web y la utilizaci\u00f3n de sus diferentes opciones y servicios.<\/p>\n<p style=\"text-align: justify; color: #fff;\">Cookies de an\u00e1lisis. Son aquellas que bien tratadas por nosotros o por terceros, nos permiten cuantificar el n\u00famero de usuarios y realizar la medici\u00f3n y an\u00e1lisis estad\u00edstico de la utilizaci\u00f3n de nuestra web.<\/p>\n<p style=\"text-align: justify; color: #fff;\">En ning\u00fan caso obtenemos informaci\u00f3n sobre los datos personales del usuario, garantizando la tutela de la privacidad de las personas que navegan por la web.<\/p>\n<h3 style=\"color: #fff;\">\u00bfC\u00f3mo desactivar nuestras cookies (o cualquier otra)?<\/h3>\n<p style=\"text-align: justify; color: #fff;\">Aunque la mayor\u00eda de los navegadores acepta cookies de forma autom\u00e1tica, puedes modificar la configuraci\u00f3n de tu navegador para permitir, bloquear o eliminar las cookies instaladas en tu equipo.<\/p>\n<ul style=\"color: #fff;\">\n<li>C\u00f3mo configurar las cookies en <a style=\"color: #fff;\" href=\"http:\/\/windows.microsoft.com\/es-xl\/internet-explorer\/delete-manage-cookies#ie=ie-11\" target=\"_blank\" rel=\"noopener\">Internet Explorer.<\/a><\/li>\n<li>C\u00f3mo configurar las cookies en <a style=\"color: #fff;\" href=\"https:\/\/support.google.com\/chrome\/answer\/95647?hl=es\" target=\"_blank\" rel=\"noopener\">Google Chrome<\/a><\/li>\n<li>C\u00f3mo configurar las cookies en <a style=\"color: #fff;\" href=\"http:\/\/support.mozilla.org\/es\/kb\/habilitar-y-deshabilitar-cookies-que-los-sitios-we\" target=\"_blank\" rel=\"noopener\">Firefox<\/a><\/li>\n<li>C\u00f3mo configurar las cookies en <a style=\"color: #fff;\" href=\"http:\/\/www.apple.com\/es\/privacy\/use-of-cookies\/\" target=\"_blank\" rel=\"noopener\">Safari<\/a><\/li>\n<\/ul>\n<p>[\/vc_column_text][\/vc_column_inner][vc_column_inner width=\u00bb1\/5&#8243;][\/vc_column_inner][\/vc_row_inner][vc_empty_space height=\u00bb50px\u00bb][\/vc_column][\/vc_row][vc_row row_type=\u00bbparallax\u00bb parallax_background_image=\u00bb9882&#8243;][vc_column]<div class=\"eltdf-elements-holder eltdf-responsive-mode-768\" ><div class=\"eltdf-eh-item eltdf-horizontal-alignment-center\" data-item-class=\"eltdf-eh-custom-283160\" data-1280-1600=\"12% 15%\" data-1024-1280=\"12% 15%\" data-768-1024=\"17% 15%\" data-600-768=\"38% 11%\" data-480-600=\"44% 7%\" data-480=\"44% 7%\" >\n\t<div class=\"eltdf-eh-item-inner\" >\n\t\t<div class=\"eltdf-eh-item-content eltdf-eh-custom-283160\" style=\"padding: 18% 15%\">\n\t\t\t[vc_single_image image=\u00bb10665&#8243; img_size=\u00bbfull\u00bb alignment=\u00bbcenter\u00bb][vc_empty_space][vc_column_text]<\/p>\n<p style=\"text-align: center;\"><a style=\"color: #fff;\" href=\"https:\/\/www.batgara.com\/nueva\/aviso-legal\/\">AVISO LEGAL\u00a0 Y POL\u00cdTICA DE PRIVACIDAD\u00a0<\/a> \u00a0|\u00a0 <a style=\"color: #fff;\" href=\"https:\/\/www.batgara.com\/nueva\/politica-de-cookies\/\">POL\u00cdTICA DE COOKIES<\/a><\/p>\n<p>[\/vc_column_text]\t\t<\/div>\n\t<\/div>\n\t<\/div><\/div>[\/vc_column][\/vc_row]<\/p>\n<\/section>","protected":false},"excerpt":{"rendered":"<p>[vc_row row_type=\u00bbparallax\u00bb parallax_background_image=\u00bb9008&#8243; css=\u00bb.vc_custom_1556634887535{padding-top: 50px !important;padding-bottom: 50px !important;}\u00bb anchor=\u00bbslide5&#8243;][vc_column][vc_empty_space height=\u00bb50px\u00bb][vc_row_inner row_content_width=\u00bbgrid\u00bb content_text_aligment=\u00bbleft\u00bb][vc_column_inner width=\u00bb1\/5&#8243;][\/vc_column_inner][vc_column_inner width=\u00bb3\/5&#8243;][vc_column_text] \u00bfQu\u00e9 son las cookies? Las cookies son peque\u00f1os archivos de texto que se descargan en tu equipo al acceder a una p\u00e1gina web. No son virus malignos, sino herramientas que cumplen [&hellip;]<\/p>\n","protected":false},"author":1,"featured_media":0,"parent":0,"menu_order":0,"comment_status":"closed","ping_status":"closed","template":"full-width.php","meta":{"ngg_post_thumbnail":0,"footnotes":""},"_links":{"self":[{"href":"https:\/\/www.batgara.com\/nueva\/wp-json\/wp\/v2\/pages\/10969"}],"collection":[{"href":"https:\/\/www.batgara.com\/nueva\/wp-json\/wp\/v2\/pages"}],"about":[{"href":"https:\/\/www.batgara.com\/nueva\/wp-json\/wp\/v2\/types\/page"}],"author":[{"embeddable":true,"href":"https:\/\/www.batgara.com\/nueva\/wp-json\/wp\/v2\/users\/1"}],"replies":[{"embeddable":true,"href":"https:\/\/www.batgara.com\/nueva\/wp-json\/wp\/v2\/comments?post=10969"}],"version-history":[{"count":6,"href":"https:\/\/www.batgara.com\/nueva\/wp-json\/wp\/v2\/pages\/10969\/revisions"}],"predecessor-version":[{"id":10985,"href":"https:\/\/www.batgara.com\/nueva\/wp-json\/wp\/v2\/pages\/10969\/revisions\/10985"}],"wp:attachment":[{"href":"https:\/\/www.batgara.com\/nueva\/wp-json\/wp\/v2\/media?parent=10969"}],"curies":[{"name":"wp","href":"https:\/\/api.w.org\/{rel}","templated":true}]}}