{"id":10898,"date":"2019-05-07T08:22:47","date_gmt":"2019-05-07T08:22:47","guid":{"rendered":"https:\/\/www.batgara.com\/nueva\/?page_id=10898"},"modified":"2026-03-24T11:13:49","modified_gmt":"2026-03-24T11:13:49","slug":"txakoli-batgara","status":"publish","type":"page","link":"https:\/\/www.batgara.com\/nueva\/txakoli-batgara\/","title":{"rendered":"Txakol\u00ed Bat Gara"},"content":{"rendered":"<!-- Added by Post\/Page specific custom CSS plugin, thank you for using! -->\n<style>.eltdf-dark-header .eltdf-page-header > div:not(.eltdf-sticky-header) .eltdf-fullscreen-menu-opener:not(.eltdf-fm-opened) .eltdf-fm-lines .eltdf-fm-line, .eltdf-dark-header.eltdf-header-style-on-scroll .eltdf-page-header .eltdf-fullscreen-menu-opener:not(.eltdf-fm-opened) .eltdf-fm-lines .eltdf-fm-line, .eltdf-dark-header .eltdf-top-bar .eltdf-fullscreen-menu-opener:not(.eltdf-fm-opened) .eltdf-fm-lines .eltdf-fm-line {\r\n    background-color: \r\n    #FFF !important;\r\n}<\/style>\n<section class=\"wpb-content-wrapper\"><p>[vc_row row_type=\u00bbparallax\u00bb parallax_background_image=\u00bb9008&#8243; css=\u00bb.vc_custom_1576055083921{padding-top: 0px !important;padding-bottom: 0px !important;}\u00bb anchor=\u00bbslide5&#8243;][vc_column offset=\u00bbvc_hidden-lg vc_hidden-md vc_hidden-sm\u00bb css=\u00bb.vc_custom_1576055097397{padding-top: 50px !important;padding-bottom: 50px !important;}\u00bb][vc_single_image image=\u00bb11096&#8243; img_size=\u00bbfull\u00bb alignment=\u00bbcenter\u00bb css=\u00bb.vc_custom_1576054220828{margin-top: 30px !important;margin-bottom: 30px !important;}\u00bb][\/vc_column][\/vc_row][vc_row row_type=\u00bbparallax\u00bb parallax_background_image=\u00bb9008&#8243; css=\u00bb.vc_custom_1556634887535{padding-top: 50px !important;padding-bottom: 50px !important;}\u00bb anchor=\u00bbslide5&#8243;][vc_column][vc_row_inner row_content_width=\u00bbgrid\u00bb content_text_aligment=\u00bbleft\u00bb][vc_column_inner][vc_column_text]<\/p>\n<h3 style=\"text-align: center; color: #fff;\"><span style=\"color: #ffffff;\">BAT GARA &#8211; Aromas del sur<\/span><\/h3>\n<p style=\"text-align: center; color: #fff;\"><span style=\"color: #ffffff;\">A\u00f1o: CVC Saca 2025. White wine. Localidad: Urtaran 21, Lezama Araba, Basque Country, Spain.<\/span><br \/>\n<span style=\"color: #ffffff;\">Variedades: Hondarrabi Zuri 100%. Sistema de conducci\u00f3n: Guyot doble.<\/span><\/p>\n<p>[\/vc_column_text]<div class=\"eltdf-elements-holder eltdf-responsive-mode-768\" ><div class=\"eltdf-eh-item eltdf-horizontal-alignment-center\" data-item-class=\"eltdf-eh-custom-655832\" data-1280-1600=\"11.9% 0% 1%\" data-1024-1280=\"13.3% 0% 7.7% 0%\" data-768-1024=\"15% 0% 15%\" data-600-768=\"21% 0% 20%\" data-480-600=\"34% 0% 34%\" data-480=\"34% 0% 34%\" >\n\t<div class=\"eltdf-eh-item-inner\" >\n\t\t<div class=\"eltdf-eh-item-content eltdf-eh-custom-655832\" style=\"padding: 24.4% 0% 13.4%\">\n\t\t\t<div class=\"eltdf-item-showcase-holder clearfix eltdf-is-equal\"><div class=\"eltdf-is-item eltdf-is-left\">\n\t<div class=\"eltdf-is-content\">\n\t\t\t\t\t<h4 class=\"eltdf-is-title\" style=\"color: #ffffff\">\n\t\t\t\t\t\t\t\tClima\t\t\t\t\t\t\t<\/h4>\n\t\t\t\t\t\t\t<p class=\"eltdf-is-text\" style=\"color: #ffffff\">Mezcla de diferentes a\u00f1adas.<\/p>\n\t\t\t<\/div>\n<\/div><div class=\"eltdf-is-item eltdf-is-right\">\n\t<div class=\"eltdf-is-content\">\n\t\t\t\t\t<h4 class=\"eltdf-is-title\" style=\"color: #ffffff\">\n\t\t\t\t\t\t\t\tViticultura\t\t\t\t\t\t\t<\/h4>\n\t\t\t\t\t\t\t<p class=\"eltdf-is-text\" style=\"color: #ffffff\">Vi\u00f1edos propios trabajados bajo una viticultura de m\u00ednima intervenci\u00f3n y razonada, a 340 y 400m de altitud en Lezama, con un suelo de tipo arcilloso-calc\u00e1reo y arcilloso con piedra de arena<\/p>\n\t\t\t<\/div>\n<\/div><div class=\"eltdf-is-item eltdf-is-left\">\n\t<div class=\"eltdf-is-content\">\n\t\t\t\t\t<h4 class=\"eltdf-is-title\" style=\"color: #ffffff\">\n\t\t\t\t\t\t\t\tVendimia\t\t\t\t\t\t\t<\/h4>\n\t\t\t\t\t\t\t<p class=\"eltdf-is-text\" style=\"color: #ffffff\">100% manual en cajas de 15 kilos. Vendimia en la segunda mitad de Octubre.<\/p>\n\t\t\t<\/div>\n<\/div><div class=\"eltdf-is-item eltdf-is-right\">\n\t<div class=\"eltdf-is-content\">\n\t\t\t\t\t<h4 class=\"eltdf-is-title\" style=\"color: #ffffff\">\n\t\t\t\t\t\t\t\tElaboraci\u00f3n\t\t\t\t\t\t\t<\/h4>\n\t\t\t\t\t\t\t<p class=\"eltdf-is-text\" style=\"color: #ffffff\">En barrica de cerezo bajo velo flor.<\/p>\n\t\t\t<\/div>\n<\/div><div class=\"eltdf-is-item eltdf-is-left\">\n\t<div class=\"eltdf-is-content\">\n\t\t\t\t\t<h4 class=\"eltdf-is-title\" style=\"color: #ffffff\">\n\t\t\t\t\t\t\t\tCaracter\u00edsticas\t\t\t\t\t\t\t<\/h4>\n\t\t\t\t\t\t\t<p class=\"eltdf-is-text\" style=\"color: #ffffff\">Color amarillo p\u00e1lido. Aromas a frutos secos, tostados y fruta madura. En boca entrada potente inund\u00e1ndola de notas a almendras, pan con nueces y un fondo c\u00edtrico perdurando los sabores.<\/p>\n\t\t\t<\/div>\n<\/div><div class=\"eltdf-is-item eltdf-is-right\">\n\t<div class=\"eltdf-is-content\">\n\t\t\t\t\t<h4 class=\"eltdf-is-title\" style=\"color: #ffffff\">\n\t\t\t\t\t\t\t\tDenominaci\u00f3n\t\t\t\t\t\t\t<\/h4>\n\t\t\t\t\t\t\t<p class=\"eltdf-is-text\" style=\"color: #ffffff\">Denominaci\u00f3n de Origen Arabako Txakolina - Txakoli de \u00c1lava.<\/p>\n\t\t\t<\/div>\n<\/div><div class=\"eltdf-is-image\" style=\"margin-top: -100px\"><img loading=\"lazy\" decoding=\"async\" width=\"209\" height=\"709\" src=\"https:\/\/www.batgara.com\/nueva\/wp-content\/uploads\/2019\/11\/batgara_2018aromas.png\" class=\"attachment-full size-full\" alt=\"\" srcset=\"https:\/\/www.batgara.com\/nueva\/wp-content\/uploads\/2019\/11\/batgara_2018aromas.png 209w, https:\/\/www.batgara.com\/nueva\/wp-content\/uploads\/2019\/11\/batgara_2018aromas-88x300.png 88w\" sizes=\"(max-width: 209px) 100vw, 209px\" \/><\/div><\/div>\t\t<\/div>\n\t<\/div>\n\t<\/div><\/div>[vc_btn title=\u00bbFICHA DE CATA\u00bb align=\u00bbcenter\u00bb i_icon_fontawesome=\u00bb\u00bb css_animation=\u00bbfadeInUp\u00bb add_icon=\u00bbtrue\u00bb link=\u00bburl:https%3A%2F%2Fwww.batgara.com%2Fnueva%2Fwp-content%2Fuploads%2F2026%2F03%2FFicha-Cata-BATGARA-AROMAS-DEL-SUR-CVC-23.pdf|target:_blank\u00bb][\/vc_column_inner][\/vc_row_inner][\/vc_column][\/vc_row][vc_row row_type=\u00bbparallax\u00bb parallax_background_image=\u00bb9008&#8243; css=\u00bb.vc_custom_1576055108769{padding-top: 0px !important;padding-bottom: 0px !important;}\u00bb anchor=\u00bbslide5&#8243;][vc_column offset=\u00bbvc_hidden-lg vc_hidden-md vc_hidden-sm\u00bb css=\u00bb.vc_custom_1576055118730{padding-top: 50px !important;padding-bottom: 50px !important;}\u00bb][vc_single_image image=\u00bb11103&#8243; img_size=\u00bbfull\u00bb alignment=\u00bbcenter\u00bb css=\u00bb.vc_custom_1576054411311{margin-top: 30px !important;margin-bottom: 30px !important;}\u00bb][\/vc_column][\/vc_row][vc_row row_type=\u00bbparallax\u00bb parallax_background_image=\u00bb9008&#8243; css=\u00bb.vc_custom_1556634887535{padding-top: 50px !important;padding-bottom: 50px !important;}\u00bb anchor=\u00bbslide5&#8243;][vc_column][vc_row_inner row_content_width=\u00bbgrid\u00bb content_text_aligment=\u00bbleft\u00bb][vc_column_inner][vc_column_text]<\/p>\n<h3 style=\"text-align: center; color: #fff;\"><span style=\"color: #ffffff;\">BAT GARA &#8211; 18 Meses<\/span><\/h3>\n<p style=\"text-align: center; color: #fff;\"><span style=\"color: #ffffff;\">A\u00f1o: 2022. White wine. Localidad: Urtaran 21, Lezama Araba, Basque Country, Spain.<\/span><br \/>\n<span style=\"color: #ffffff;\">Variedades: Hondarrabi Zuri 100%. Sistema de conducci\u00f3n: Guyot doble.<\/span><\/p>\n<p>[\/vc_column_text]<div class=\"eltdf-elements-holder eltdf-responsive-mode-768\" ><div class=\"eltdf-eh-item eltdf-horizontal-alignment-center\" data-item-class=\"eltdf-eh-custom-499755\" data-1280-1600=\"11.9% 0% 1%\" data-1024-1280=\"13.3% 0% 7.7% 0%\" data-768-1024=\"15% 0% 15%\" data-600-768=\"21% 0% 20%\" data-480-600=\"34% 0% 34%\" data-480=\"34% 0% 34%\" >\n\t<div class=\"eltdf-eh-item-inner\" >\n\t\t<div class=\"eltdf-eh-item-content eltdf-eh-custom-499755\" style=\"padding: 24.4% 0% 13.4%\">\n\t\t\t<div class=\"eltdf-item-showcase-holder clearfix eltdf-is-equal\"><div class=\"eltdf-is-item eltdf-is-left\">\n\t<div class=\"eltdf-is-content\">\n\t\t\t\t\t<h4 class=\"eltdf-is-title\" style=\"color: #ffffff\">\n\t\t\t\t\t\t\t\tClima\t\t\t\t\t\t\t<\/h4>\n\t\t\t\t\t\t\t<p class=\"eltdf-is-text\" style=\"color: #ffffff\">El a\u00f1o 2022 se caracteriza por un invierno y entrada de primavera fr\u00edo, seguido de un verano caluroso y seco. Lo m\u00e1s destacado es la parada vegetativa por estr\u00e9s h\u00eddrico hasta las lluvias de la \u00faltima semana de septiembre. Vendimia la \u00faltima semana de octubre con uva sana y buena maduraci\u00f3n.<\/p>\n\t\t\t<\/div>\n<\/div><div class=\"eltdf-is-item eltdf-is-right\">\n\t<div class=\"eltdf-is-content\">\n\t\t\t\t\t<h4 class=\"eltdf-is-title\" style=\"color: #ffffff\">\n\t\t\t\t\t\t\t\tViticultura\t\t\t\t\t\t\t<\/h4>\n\t\t\t\t\t\t\t<p class=\"eltdf-is-text\" style=\"color: #ffffff\">Vi\u00f1edos propios trabajados bajo una viticultura de m\u00ednima intervenci\u00f3n y razonada. Las parcelas est\u00e1n situadas a 340 y 400 metros de altitud, en Lezama dentro del Valle de Ayala y con un suelo de tipo arcilloso-calc\u00e1reo y arcilloso con piedra de arena.<\/p>\n\t\t\t<\/div>\n<\/div><div class=\"eltdf-is-item eltdf-is-left\">\n\t<div class=\"eltdf-is-content\">\n\t\t\t\t\t<h4 class=\"eltdf-is-title\" style=\"color: #ffffff\">\n\t\t\t\t\t\t\t\tVendimia\t\t\t\t\t\t\t<\/h4>\n\t\t\t\t\t\t\t<p class=\"eltdf-is-text\" style=\"color: #ffffff\">100% manual en cajas de 15 kilos. Vendimia en la segunda mitad de Octubre.<\/p>\n\t\t\t<\/div>\n<\/div><div class=\"eltdf-is-item eltdf-is-right\">\n\t<div class=\"eltdf-is-content\">\n\t\t\t\t\t<h4 class=\"eltdf-is-title\" style=\"color: #ffffff\">\n\t\t\t\t\t\t\t\tElaboraci\u00f3n\t\t\t\t\t\t\t<\/h4>\n\t\t\t\t\t\t\t<p class=\"eltdf-is-text\" style=\"color: #ffffff\">Prensado vertical de bajo rendimiento (60% max.). Fermentaci\u00f3n espont\u00e1nea con levaduras aut\u00f3ctonas y vinificaci\u00f3n en barrica de roble viejo con 18 meses de permanencia sobre l\u00edas.<\/p>\n\t\t\t<\/div>\n<\/div><div class=\"eltdf-is-item eltdf-is-left\">\n\t<div class=\"eltdf-is-content\">\n\t\t\t\t\t<h4 class=\"eltdf-is-title\" style=\"color: #ffffff\">\n\t\t\t\t\t\t\t\tCaracter\u00edsticas\t\t\t\t\t\t\t<\/h4>\n\t\t\t\t\t\t\t<p class=\"eltdf-is-text\" style=\"color: #ffffff\">Color dorado intenso. Aromas intensos con toques a naranja seca, melocot\u00f3n y heno. Licoroso. Sabor con una entrada agradable que te llena la boca dejando paso a notas tropicales y manzana asada. Todo ello manteniendo la frescura de la Hondarribi.<\/p>\n\t\t\t<\/div>\n<\/div><div class=\"eltdf-is-item eltdf-is-right\">\n\t<div class=\"eltdf-is-content\">\n\t\t\t\t\t<h4 class=\"eltdf-is-title\" style=\"color: #ffffff\">\n\t\t\t\t\t\t\t\tDenominaci\u00f3n\t\t\t\t\t\t\t<\/h4>\n\t\t\t\t\t\t\t<p class=\"eltdf-is-text\" style=\"color: #ffffff\">Denominaci\u00f3n de Origen Arabako Txakolina - Txakoli de \u00c1lava.<\/p>\n\t\t\t<\/div>\n<\/div><div class=\"eltdf-is-image\" style=\"margin-top: -100px\"><img loading=\"lazy\" decoding=\"async\" width=\"209\" height=\"709\" src=\"https:\/\/www.batgara.com\/nueva\/wp-content\/uploads\/2019\/11\/batgara_18meses.png\" class=\"attachment-full size-full\" alt=\"\" srcset=\"https:\/\/www.batgara.com\/nueva\/wp-content\/uploads\/2019\/11\/batgara_18meses.png 209w, https:\/\/www.batgara.com\/nueva\/wp-content\/uploads\/2019\/11\/batgara_18meses-88x300.png 88w\" sizes=\"(max-width: 209px) 100vw, 209px\" \/><\/div><\/div>\t\t<\/div>\n\t<\/div>\n\t<\/div><\/div>[vc_btn title=\u00bbFICHA DE CATA\u00bb align=\u00bbcenter\u00bb i_icon_fontawesome=\u00bb\u00bb css_animation=\u00bbfadeInUp\u00bb add_icon=\u00bbtrue\u00bb link=\u00bburl:https%3A%2F%2Fwww.batgara.com%2Fnueva%2Fwp-content%2Fuploads%2F2026%2F03%2FFicha-Cata-BATGARA-18-MESES-2022.pdf|target:_blank\u00bb][\/vc_column_inner][\/vc_row_inner][\/vc_column][\/vc_row][vc_row row_type=\u00bbparallax\u00bb parallax_background_image=\u00bb9008&#8243; css=\u00bb.vc_custom_1576055108769{padding-top: 0px !important;padding-bottom: 0px !important;}\u00bb anchor=\u00bbslide5&#8243;][vc_column offset=\u00bbvc_hidden-lg vc_hidden-md vc_hidden-sm\u00bb css=\u00bb.vc_custom_1576055118730{padding-top: 50px !important;padding-bottom: 50px !important;}\u00bb][vc_single_image image=\u00bb11219&#8243; img_size=\u00bbfull\u00bb alignment=\u00bbcenter\u00bb css=\u00bb.vc_custom_1612344184465{margin-top: 30px !important;margin-bottom: 30px !important;}\u00bb][\/vc_column][\/vc_row][vc_row row_type=\u00bbparallax\u00bb parallax_background_image=\u00bb9008&#8243; css=\u00bb.vc_custom_1556634887535{padding-top: 50px !important;padding-bottom: 50px !important;}\u00bb anchor=\u00bbslide5&#8243;][vc_column][vc_row_inner row_content_width=\u00bbgrid\u00bb content_text_aligment=\u00bbleft\u00bb][vc_column_inner][vc_column_text]<\/p>\n<h3 style=\"text-align: center; color: #fff;\"><span style=\"color: #ffffff;\">BAT GARA &#8211; IORITZ<\/span><\/h3>\n<p style=\"text-align: center; color: #fff;\"><span style=\"color: #ffffff;\">A\u00f1o: 2022. White wine. Localidad: Urtaran 21, Lezama Araba, Basque Country, Spain.<\/span><br \/>\n<span style=\"color: #ffffff;\">Variedades: Hondarrabi Zuri 100%. Sistema de conducci\u00f3n: Guyot doble.<\/span><\/p>\n<p>[\/vc_column_text]<div class=\"eltdf-elements-holder eltdf-responsive-mode-768\" ><div class=\"eltdf-eh-item eltdf-horizontal-alignment-center\" data-item-class=\"eltdf-eh-custom-482366\" data-1280-1600=\"11.9% 0% 1%\" data-1024-1280=\"13.3% 0% 7.7% 0%\" data-768-1024=\"15% 0% 15%\" data-600-768=\"21% 0% 20%\" data-480-600=\"34% 0% 34%\" data-480=\"34% 0% 34%\" >\n\t<div class=\"eltdf-eh-item-inner\" style=\"background-image: url();background-size: cover\">\n\t\t<div class=\"eltdf-eh-item-content eltdf-eh-custom-482366\" style=\"padding: 24.4% 0% 13.4%\">\n\t\t\t<div class=\"eltdf-item-showcase-holder clearfix eltdf-is-equal\"><div class=\"eltdf-is-item eltdf-is-left\">\n\t<div class=\"eltdf-is-content\">\n\t\t\t\t\t<h4 class=\"eltdf-is-title\" style=\"color: #ffffff\">\n\t\t\t\t\t\t\t\tClima\t\t\t\t\t\t\t<\/h4>\n\t\t\t\t\t\t\t<p class=\"eltdf-is-text\" style=\"color: #ffffff\">El a\u00f1o 2022 se caracteriza por un invierno y entrada de primavera fr\u00edo, seguido de un verano caluroso y seco. Lo m\u00e1s destacado es la parada vegetativa por estr\u00e9s h\u00eddrico hasta las lluvias de la \u00faltima semana de septiembre. Vendimia la \u00faltima semana de octubre con uva sana y buena maduraci\u00f3n.<\/p>\n\t\t\t<\/div>\n<\/div><div class=\"eltdf-is-item eltdf-is-right\">\n\t<div class=\"eltdf-is-content\">\n\t\t\t\t\t<h4 class=\"eltdf-is-title\" style=\"color: #ffffff\">\n\t\t\t\t\t\t\t\tViticultura\t\t\t\t\t\t\t<\/h4>\n\t\t\t\t\t\t\t<p class=\"eltdf-is-text\" style=\"color: #ffffff\">Vi\u00f1edos propios trabajados bajo una viticultura de m\u00ednima intervenci\u00f3n y razonada. Las parcelas est\u00e1n situadas a 340 y 400 metros de altitud, en Lezama dentro del Valle de Ayala y con un suelo de tipo arcilloso-calc\u00e1reo y arcilloso con piedra de arena.<\/p>\n\t\t\t<\/div>\n<\/div><div class=\"eltdf-is-item eltdf-is-left\">\n\t<div class=\"eltdf-is-content\">\n\t\t\t\t\t<h4 class=\"eltdf-is-title\" style=\"color: #ffffff\">\n\t\t\t\t\t\t\t\tVendimia\t\t\t\t\t\t\t<\/h4>\n\t\t\t\t\t\t\t<p class=\"eltdf-is-text\" style=\"color: #ffffff\">100% manual en cajas de 15 kilos. Vendimia en la segunda mitad de Octubre.<\/p>\n\t\t\t<\/div>\n<\/div><div class=\"eltdf-is-item eltdf-is-right\">\n\t<div class=\"eltdf-is-content\">\n\t\t\t\t\t<h4 class=\"eltdf-is-title\" style=\"color: #ffffff\">\n\t\t\t\t\t\t\t\tElaboraci\u00f3n\t\t\t\t\t\t\t<\/h4>\n\t\t\t\t\t\t\t<p class=\"eltdf-is-text\" style=\"color: #ffffff\">Fermentaci\u00f3n con uva entera en barrica de casta\u00f1o abierta. Una vez terminada, se realiza un prensado suave, se introduce en barrica de casta\u00f1o y posteriormente en barrica de roble h\u00fangaro. El tiempo de envejecimiento dura entorno a 20 meses.<\/p>\n\t\t\t<\/div>\n<\/div><div class=\"eltdf-is-item eltdf-is-left\">\n\t<div class=\"eltdf-is-content\">\n\t\t\t\t\t<h4 class=\"eltdf-is-title\" style=\"color: #ffffff\">\n\t\t\t\t\t\t\t\tCaracter\u00edsticas\t\t\t\t\t\t\t<\/h4>\n\t\t\t\t\t\t\t<p class=\"eltdf-is-text\" style=\"color: #ffffff\">Color caoba. Nariz potente con aromas a caramelo, piel de naranja seca, brezo, con un fondo de membrillo y pera madura. En boca entrada seca dejando paso a una tanicidad agradable que recuerda a los vinos tintos, con gran volumen llenando la boca de notas de toffee, almendras y frutas maduras, largo y con una salida seca.<\/p>\n\t\t\t<\/div>\n<\/div><div class=\"eltdf-is-item eltdf-is-right\">\n\t<div class=\"eltdf-is-content\">\n\t\t\t\t\t<h4 class=\"eltdf-is-title\" style=\"color: #ffffff\">\n\t\t\t\t\t\t\t\tDenominaci\u00f3n\t\t\t\t\t\t\t<\/h4>\n\t\t\t\t\t\t\t<p class=\"eltdf-is-text\" style=\"color: #ffffff\">Denominaci\u00f3n de Origen Arabako Txakolina - Txakoli de \u00c1lava.<\/p>\n\t\t\t<\/div>\n<\/div><div class=\"eltdf-is-image\" style=\"margin-top: -100px\"><img loading=\"lazy\" decoding=\"async\" width=\"209\" height=\"709\" src=\"https:\/\/www.batgara.com\/nueva\/wp-content\/uploads\/2021\/02\/BAT-GARA-Ioritz-2018-web.png\" class=\"attachment-full size-full\" alt=\"\" srcset=\"https:\/\/www.batgara.com\/nueva\/wp-content\/uploads\/2021\/02\/BAT-GARA-Ioritz-2018-web.png 209w, https:\/\/www.batgara.com\/nueva\/wp-content\/uploads\/2021\/02\/BAT-GARA-Ioritz-2018-web-88x300.png 88w\" sizes=\"(max-width: 209px) 100vw, 209px\" \/><\/div><\/div>\t\t<\/div>\n\t<\/div>\n\t<\/div><\/div>[vc_btn title=\u00bbFICHA DE CATA\u00bb align=\u00bbcenter\u00bb i_icon_fontawesome=\u00bb\u00bb css_animation=\u00bbfadeInUp\u00bb add_icon=\u00bbtrue\u00bb link=\u00bburl:https%3A%2F%2Fwww.batgara.com%2Fnueva%2Fwp-content%2Fuploads%2F2026%2F03%2FFicha-Cata-BATGARA-IORITZ-2022.pdf|target:_blank\u00bb][\/vc_column_inner][\/vc_row_inner][\/vc_column][\/vc_row][vc_row row_type=\u00bbparallax\u00bb parallax_background_image=\u00bb9008&#8243; css=\u00bb.vc_custom_1576055108769{padding-top: 0px !important;padding-bottom: 0px !important;}\u00bb anchor=\u00bbslide5&#8243;][vc_column offset=\u00bbvc_hidden-lg vc_hidden-md vc_hidden-sm\u00bb css=\u00bb.vc_custom_1576055118730{padding-top: 50px !important;padding-bottom: 50px !important;}\u00bb][vc_single_image image=\u00bb11355&#8243; img_size=\u00bbfull\u00bb alignment=\u00bbcenter\u00bb css=\u00bb.vc_custom_1694776444232{margin-top: 30px !important;margin-bottom: 30px !important;}\u00bb][\/vc_column][\/vc_row][vc_row row_type=\u00bbparallax\u00bb parallax_background_image=\u00bb9008&#8243; css=\u00bb.vc_custom_1556634887535{padding-top: 50px !important;padding-bottom: 50px !important;}\u00bb anchor=\u00bbslide5&#8243;][vc_column][vc_row_inner row_content_width=\u00bbgrid\u00bb content_text_aligment=\u00bbleft\u00bb][vc_column_inner][vc_column_text]<\/p>\n<h3 style=\"text-align: center; color: #fff;\"><span style=\"color: #ffffff;\">BAT GARA &#8211; SUTSU<\/span><\/h3>\n<p style=\"text-align: center; color: #fff;\"><span style=\"color: #ffffff;\">A\u00f1o: 2024. White wine. Localidad: Urtaran 21, Lezama Araba, Basque Country, Spain.<\/span><br \/>\n<span style=\"color: #ffffff;\">Variedades: Hondarrabi Zuri 100%. Sistema de conducci\u00f3n: Guyot doble.<\/span><\/p>\n<p>[\/vc_column_text]<div class=\"eltdf-elements-holder eltdf-responsive-mode-768\" ><div class=\"eltdf-eh-item eltdf-horizontal-alignment-center\" data-item-class=\"eltdf-eh-custom-446269\" data-1280-1600=\"11.9% 0% 1%\" data-1024-1280=\"13.3% 0% 7.7% 0%\" data-768-1024=\"15% 0% 15%\" data-600-768=\"21% 0% 20%\" data-480-600=\"34% 0% 34%\" data-480=\"34% 0% 34%\" >\n\t<div class=\"eltdf-eh-item-inner\" >\n\t\t<div class=\"eltdf-eh-item-content eltdf-eh-custom-446269\" style=\"padding: 24.4% 0% 13.4%\">\n\t\t\t<div class=\"eltdf-item-showcase-holder clearfix eltdf-is-equal\"><div class=\"eltdf-is-item eltdf-is-left\">\n\t<div class=\"eltdf-is-content\">\n\t\t\t\t\t<h4 class=\"eltdf-is-title\" style=\"color: #ffffff\">\n\t\t\t\t\t\t\t\tClima\t\t\t\t\t\t\t<\/h4>\n\t\t\t\t\t\t\t<p class=\"eltdf-is-text\" style=\"color: #ffffff\">El a\u00f1o 2024 comenz\u00f3 con una primavera fresca y h\u00fameda, seguida de una primavera parte de verano c\u00e1lido y seco. Septiembre comenz\u00f3 con lluvias y temperatura fresca.<\/p>\n\t\t\t<\/div>\n<\/div><div class=\"eltdf-is-item eltdf-is-right\">\n\t<div class=\"eltdf-is-content\">\n\t\t\t\t\t<h4 class=\"eltdf-is-title\" style=\"color: #ffffff\">\n\t\t\t\t\t\t\t\tViticultura\t\t\t\t\t\t\t<\/h4>\n\t\t\t\t\t\t\t<p class=\"eltdf-is-text\" style=\"color: #ffffff\">Vi\u00f1edos propios trabajados bajo una viticultura de m\u00ednima intervenci\u00f3n y razonada. Las parcelas est\u00e1n situadas a 340 y 400 metros de altitud, en Lezama dentro del Valle de Ayala y con un suelo de tipo arcilloso-calc\u00e1reo y arcilloso con piedra de arena.<\/p>\n\t\t\t<\/div>\n<\/div><div class=\"eltdf-is-item eltdf-is-left\">\n\t<div class=\"eltdf-is-content\">\n\t\t\t\t\t<h4 class=\"eltdf-is-title\" style=\"color: #ffffff\">\n\t\t\t\t\t\t\t\tVendimia\t\t\t\t\t\t\t<\/h4>\n\t\t\t\t\t\t\t<p class=\"eltdf-is-text\" style=\"color: #ffffff\">100% manual en cajas de 15 kilos. Vendimia en la segunda mitad de Octubre.<\/p>\n\t\t\t<\/div>\n<\/div><div class=\"eltdf-is-item eltdf-is-right\">\n\t<div class=\"eltdf-is-content\">\n\t\t\t\t\t<h4 class=\"eltdf-is-title\" style=\"color: #ffffff\">\n\t\t\t\t\t\t\t\tElaboraci\u00f3n\t\t\t\t\t\t\t<\/h4>\n\t\t\t\t\t\t\t<p class=\"eltdf-is-text\" style=\"color: #ffffff\">Espumoso ancestral. Elaborado por el m\u00e9todo de una sola fermentaci\u00f3n, deg\u00fcellado posteriormente y rellen\u00e1ndolo con su propio vino. Este espumoso ha permanecido durante dieciocho meses en rima con sus l\u00edas.<\/p>\n\t\t\t<\/div>\n<\/div><div class=\"eltdf-is-item eltdf-is-left\">\n\t<div class=\"eltdf-is-content\">\n\t\t\t\t\t<h4 class=\"eltdf-is-title\" style=\"color: #ffffff\">\n\t\t\t\t\t\t\t\tCaracter\u00edsticas\t\t\t\t\t\t\t<\/h4>\n\t\t\t\t\t\t\t<p class=\"eltdf-is-text\" style=\"color: #ffffff\">Color amarillo pajizo. Nariz, aroma intenso con notas a boller\u00eda, pera, c\u00edtricos... En boca, una entrada elegante con una burbuja fina, notas a boller\u00eda, fruta blanca, intenso y fresco.<\/p>\n\t\t\t<\/div>\n<\/div><div class=\"eltdf-is-item eltdf-is-right\">\n\t<div class=\"eltdf-is-content\">\n\t\t\t\t\t<h4 class=\"eltdf-is-title\" style=\"color: #ffffff\">\n\t\t\t\t\t\t\t\tDenominaci\u00f3n\t\t\t\t\t\t\t<\/h4>\n\t\t\t\t\t\t\t<p class=\"eltdf-is-text\" style=\"color: #ffffff\">Denominaci\u00f3n de Origen Arabako Txakolina - Txakoli de \u00c1lava.<\/p>\n\t\t\t<\/div>\n<\/div><div class=\"eltdf-is-image\" style=\"margin-top: -100px\"><img loading=\"lazy\" decoding=\"async\" width=\"225\" height=\"577\" src=\"https:\/\/www.batgara.com\/nueva\/wp-content\/uploads\/2023\/09\/Foto-Sutsu-2020-sin-fondo-2.png\" class=\"attachment-full size-full\" alt=\"\" srcset=\"https:\/\/www.batgara.com\/nueva\/wp-content\/uploads\/2023\/09\/Foto-Sutsu-2020-sin-fondo-2.png 225w, https:\/\/www.batgara.com\/nueva\/wp-content\/uploads\/2023\/09\/Foto-Sutsu-2020-sin-fondo-2-117x300.png 117w\" sizes=\"(max-width: 225px) 100vw, 225px\" \/><\/div><\/div>[vc_btn title=\u00bbFICHA DE CATA\u00bb align=\u00bbcenter\u00bb i_icon_fontawesome=\u00bb\u00bb css_animation=\u00bbfadeInUp\u00bb add_icon=\u00bbtrue\u00bb link=\u00bburl:https%3A%2F%2Fwww.batgara.com%2Fnueva%2Fwp-content%2Fuploads%2F2026%2F03%2FFicha-Cata-BATGARA-SUTSU-2024.pdf|target:_blank\u00bb]\t\t<\/div>\n\t<\/div>\n\t<\/div><\/div>[\/vc_column_inner][\/vc_row_inner][\/vc_column][\/vc_row]<\/p>\n<\/section>","protected":false},"excerpt":{"rendered":"<p>[vc_row row_type=\u00bbparallax\u00bb parallax_background_image=\u00bb9008&#8243; css=\u00bb.vc_custom_1576055083921{padding-top: 0px !important;padding-bottom: 0px !important;}\u00bb anchor=\u00bbslide5&#8243;][vc_column offset=\u00bbvc_hidden-lg vc_hidden-md vc_hidden-sm\u00bb css=\u00bb.vc_custom_1576055097397{padding-top: 50px !important;padding-bottom: 50px !important;}\u00bb][vc_single_image image=\u00bb11096&#8243; img_size=\u00bbfull\u00bb alignment=\u00bbcenter\u00bb css=\u00bb.vc_custom_1576054220828{margin-top: 30px !important;margin-bottom: 30px !important;}\u00bb][\/vc_column][\/vc_row][vc_row row_type=\u00bbparallax\u00bb parallax_background_image=\u00bb9008&#8243; css=\u00bb.vc_custom_1556634887535{padding-top: 50px !important;padding-bottom: 50px !important;}\u00bb anchor=\u00bbslide5&#8243;][vc_column][vc_row_inner row_content_width=\u00bbgrid\u00bb content_text_aligment=\u00bbleft\u00bb][vc_column_inner][vc_column_text] BAT GARA &#8211; Aromas del sur A\u00f1o: CVC Saca 2025. [&hellip;]<\/p>\n","protected":false},"author":1,"featured_media":0,"parent":0,"menu_order":0,"comment_status":"closed","ping_status":"closed","template":"full-width.php","meta":{"ngg_post_thumbnail":0,"footnotes":""},"_links":{"self":[{"href":"https:\/\/www.batgara.com\/nueva\/wp-json\/wp\/v2\/pages\/10898"}],"collection":[{"href":"https:\/\/www.batgara.com\/nueva\/wp-json\/wp\/v2\/pages"}],"about":[{"href":"https:\/\/www.batgara.com\/nueva\/wp-json\/wp\/v2\/types\/page"}],"author":[{"embeddable":true,"href":"https:\/\/www.batgara.com\/nueva\/wp-json\/wp\/v2\/users\/1"}],"replies":[{"embeddable":true,"href":"https:\/\/www.batgara.com\/nueva\/wp-json\/wp\/v2\/comments?post=10898"}],"version-history":[{"count":48,"href":"https:\/\/www.batgara.com\/nueva\/wp-json\/wp\/v2\/pages\/10898\/revisions"}],"predecessor-version":[{"id":11381,"href":"https:\/\/www.batgara.com\/nueva\/wp-json\/wp\/v2\/pages\/10898\/revisions\/11381"}],"wp:attachment":[{"href":"https:\/\/www.batgara.com\/nueva\/wp-json\/wp\/v2\/media?parent=10898"}],"curies":[{"name":"wp","href":"https:\/\/api.w.org\/{rel}","templated":true}]}}