{"id":10800,"date":"2019-05-07T08:13:48","date_gmt":"2019-05-07T08:13:48","guid":{"rendered":"https:\/\/www.batgara.com\/nueva\/?page_id=10800"},"modified":"2026-03-24T11:26:07","modified_gmt":"2026-03-24T11:26:07","slug":"txakoli-uno","status":"publish","type":"page","link":"https:\/\/www.batgara.com\/nueva\/txakoli-uno\/","title":{"rendered":"Txakol\u00ed Uno"},"content":{"rendered":"<!-- Added by Post\/Page specific custom CSS plugin, thank you for using! -->\n<style>.eltdf-dark-header .eltdf-page-header > div:not(.eltdf-sticky-header) .eltdf-fullscreen-menu-opener:not(.eltdf-fm-opened) .eltdf-fm-lines .eltdf-fm-line, .eltdf-dark-header.eltdf-header-style-on-scroll .eltdf-page-header .eltdf-fullscreen-menu-opener:not(.eltdf-fm-opened) .eltdf-fm-lines .eltdf-fm-line, .eltdf-dark-header .eltdf-top-bar .eltdf-fullscreen-menu-opener:not(.eltdf-fm-opened) .eltdf-fm-lines .eltdf-fm-line {\r\n    background-color: \r\n    #FFF !important;\r\n}<\/style>\n<section class=\"wpb-content-wrapper\"><p>[vc_row row_type=\u00bbparallax\u00bb parallax_background_image=\u00bb9008&#8243; css=\u00bb.vc_custom_1576056082865{padding-top: 0px !important;padding-bottom: 0px !important;}\u00bb anchor=\u00bbslide7&#8243;][vc_column css=\u00bb.vc_custom_1576055620286{padding-top: 50px !important;padding-bottom: 50px !important;}\u00bb offset=\u00bbvc_hidden-lg vc_hidden-md vc_hidden-sm\u00bb][vc_single_image image=\u00bb11073&#8243; img_size=\u00bbfull\u00bb alignment=\u00bbcenter\u00bb][\/vc_column][\/vc_row][vc_row row_type=\u00bbparallax\u00bb parallax_background_image=\u00bb9008&#8243; css=\u00bb.vc_custom_1556634900013{padding-top: 50px !important;padding-bottom: 50px !important;}\u00bb anchor=\u00bbslide7&#8243;][vc_column][vc_row_inner row_content_width=\u00bbgrid\u00bb content_text_aligment=\u00bbleft\u00bb][vc_column_inner][vc_column_text]<\/p>\n<h3 style=\"text-align: center; color: #fff;\"><span style=\"color: #ffffff;\">UNO 2023<\/span><\/h3>\n<p style=\"text-align: center; color: #fff;\"><span style=\"color: #ffffff;\">A\u00f1o: 2023. White wine. Localidad: Urtaran 21, Lezama Araba, Basque Country, Spain.<\/span><br \/>\n<span style=\"color: #ffffff;\">Variedades: 95% Hondarrabi Zuri, 5% Riesling. Sistema de conducci\u00f3n: Guyot doble.<\/span><\/p>\n<p>[\/vc_column_text]<div class=\"eltdf-elements-holder eltdf-responsive-mode-768\" ><div class=\"eltdf-eh-item eltdf-horizontal-alignment-center\" data-item-class=\"eltdf-eh-custom-343473\" data-1280-1600=\"11.9% 0% 1%\" data-1024-1280=\"13.3% 0% 7.7% 0%\" data-768-1024=\"15% 0% 15%\" data-600-768=\"21% 0% 20%\" data-480-600=\"34% 0% 34%\" data-480=\"34% 0% 34%\" >\n\t<div class=\"eltdf-eh-item-inner\" >\n\t\t<div class=\"eltdf-eh-item-content eltdf-eh-custom-343473\" style=\"padding: 24.4% 0% 13.4%\">\n\t\t\t<div class=\"eltdf-item-showcase-holder clearfix eltdf-is-equal\"><div class=\"eltdf-is-item eltdf-is-left\">\n\t<div class=\"eltdf-is-content\">\n\t\t\t\t\t<h4 class=\"eltdf-is-title\" style=\"color: #ffffff\">\n\t\t\t\t\t\t\t\tClima\t\t\t\t\t\t\t<\/h4>\n\t\t\t\t\t\t\t<p class=\"eltdf-is-text\" style=\"color: #ffffff\">El a\u00f1o 2023 se caracteriz\u00f3 por las heladas de primeros de abril coincidiendo con el comienzo de brotaci\u00f3n lo que origin\u00f3 una merma en la producci\u00f3n. La primavera fue seca, el verano fr\u00edo y h\u00famedo con un final de maduraci\u00f3n complicado.<\/p>\n\t\t\t<\/div>\n<\/div><div class=\"eltdf-is-item eltdf-is-right\">\n\t<div class=\"eltdf-is-content\">\n\t\t\t\t\t<h4 class=\"eltdf-is-title\" style=\"color: #ffffff\">\n\t\t\t\t\t\t\t\tViticultura\t\t\t\t\t\t\t<\/h4>\n\t\t\t\t\t\t\t<p class=\"eltdf-is-text\" style=\"color: #ffffff\">Vi\u00f1edos propios trabajados bajo una viticultura de m\u00ednima intervenci\u00f3n y razonada. Parcelas situadas a 340 y 400 m. de altitud, en Lezama y Aiara. Suelo arcilloso-calc\u00e1reo y arcilloso con piedra de arena.<\/p>\n\t\t\t<\/div>\n<\/div><div class=\"eltdf-is-item eltdf-is-left\">\n\t<div class=\"eltdf-is-content\">\n\t\t\t\t\t<h4 class=\"eltdf-is-title\" style=\"color: #ffffff\">\n\t\t\t\t\t\t\t\tVendimia\t\t\t\t\t\t\t<\/h4>\n\t\t\t\t\t\t\t<p class=\"eltdf-is-text\" style=\"color: #ffffff\">100% manual en cajas de 15 kilos. Vendimia en la segunda mitad de Octubre.<\/p>\n\t\t\t<\/div>\n<\/div><div class=\"eltdf-is-item eltdf-is-right\">\n\t<div class=\"eltdf-is-content\">\n\t\t\t\t\t<h4 class=\"eltdf-is-title\" style=\"color: #ffffff\">\n\t\t\t\t\t\t\t\tElaboraci\u00f3n\t\t\t\t\t\t\t<\/h4>\n\t\t\t\t\t\t\t<p class=\"eltdf-is-text\" style=\"color: #ffffff\">Prensado vertical de bajo rendimiento (60% max.). Fermentaci\u00f3n espont\u00e1nea con levaduras aut\u00f3ctonas en dep\u00f3sitos de inoxidable. Vinificaci\u00f3n de parcelas y variedades por separado con seis meses de permanencia sobre l\u00edas.<\/p>\n\t\t\t<\/div>\n<\/div><div class=\"eltdf-is-item eltdf-is-left\">\n\t<div class=\"eltdf-is-content\">\n\t\t\t\t\t<h4 class=\"eltdf-is-title\" style=\"color: #ffffff\">\n\t\t\t\t\t\t\t\tCaracter\u00edsticas\t\t\t\t\t\t\t<\/h4>\n\t\t\t\t\t\t\t<p class=\"eltdf-is-text\" style=\"color: #ffffff\">Color amarillo brillante. Nariz, intenso con aromas c\u00edtricos, flores blancas, heno y un fondo mineral. En boca, una entrada envolvente y equilibrado con notas c\u00edtricas y frutas blancas. Con acidez agradable y un final salino.<\/p>\n\t\t\t<\/div>\n<\/div><div class=\"eltdf-is-item eltdf-is-right\">\n\t<div class=\"eltdf-is-content\">\n\t\t\t\t\t<h4 class=\"eltdf-is-title\" style=\"color: #ffffff\">\n\t\t\t\t\t\t\t\tDenominaci\u00f3n\t\t\t\t\t\t\t<\/h4>\n\t\t\t\t\t\t\t<p class=\"eltdf-is-text\" style=\"color: #ffffff\">Denominaci\u00f3n de Origen Arabako Txakolina - Txakoli de \u00c1lava.<\/p>\n\t\t\t<\/div>\n<\/div><div class=\"eltdf-is-image\" style=\"margin-top: -100px\"><img loading=\"lazy\" decoding=\"async\" width=\"209\" height=\"709\" src=\"https:\/\/www.batgara.com\/nueva\/wp-content\/uploads\/2019\/11\/uno_2018.png\" class=\"attachment-full size-full\" alt=\"\" srcset=\"https:\/\/www.batgara.com\/nueva\/wp-content\/uploads\/2019\/11\/uno_2018.png 209w, https:\/\/www.batgara.com\/nueva\/wp-content\/uploads\/2019\/11\/uno_2018-88x300.png 88w\" sizes=\"(max-width: 209px) 100vw, 209px\" \/><\/div><\/div>[vc_btn title=\u00bbFICHA DE CATA\u00bb align=\u00bbcenter\u00bb i_icon_fontawesome=\u00bb\u00bb css_animation=\u00bbfadeIn\u00bb add_icon=\u00bbtrue\u00bb link=\u00bburl:https%3A%2F%2Fwww.batgara.com%2Fnueva%2Fwp-content%2Fuploads%2F2026%2F03%2FFicha-Cata-UNO-2023.pdf|target:_blank\u00bb css=\u00bb.vc_custom_1774351321531{margin-top: 25px !important;}\u00bb]\t\t<\/div>\n\t<\/div>\n\t<\/div><\/div>[\/vc_column_inner][\/vc_row_inner][\/vc_column][\/vc_row][vc_row row_type=\u00bbparallax\u00bb parallax_background_image=\u00bb9008&#8243; css=\u00bb.vc_custom_1576056082865{padding-top: 0px !important;padding-bottom: 0px !important;}\u00bb anchor=\u00bbslide7&#8243;][vc_column css=\u00bb.vc_custom_1576055620286{padding-top: 50px !important;padding-bottom: 50px !important;}\u00bb offset=\u00bbvc_hidden-lg vc_hidden-md vc_hidden-sm\u00bb][vc_single_image image=\u00bb11073&#8243; img_size=\u00bbfull\u00bb alignment=\u00bbcenter\u00bb][\/vc_column][\/vc_row][vc_row row_type=\u00bbparallax\u00bb parallax_background_image=\u00bb9008&#8243; css=\u00bb.vc_custom_1556634900013{padding-top: 50px !important;padding-bottom: 50px !important;}\u00bb anchor=\u00bbslide7&#8243;][vc_column][vc_row_inner row_content_width=\u00bbgrid\u00bb content_text_aligment=\u00bbleft\u00bb][vc_column_inner][vc_column_text]<\/p>\n<h3 style=\"text-align: center; color: #fff;\"><span style=\"color: #ffffff;\">UNO 2024<\/span><\/h3>\n<p style=\"text-align: center; color: #fff;\"><span style=\"color: #ffffff;\">A\u00f1o: 2024. White wine. Localidad: Urtaran 21, Lezama Araba, Basque Country, Spain.<\/span><br \/>\n<span style=\"color: #ffffff;\">Variedades: 95% Hondarrabi Zuri, 5% Riesling. Sistema de conducci\u00f3n: Guyot doble.<\/span><\/p>\n<p>[\/vc_column_text]<div class=\"eltdf-elements-holder eltdf-responsive-mode-768\" ><div class=\"eltdf-eh-item eltdf-horizontal-alignment-center\" data-item-class=\"eltdf-eh-custom-467192\" data-1280-1600=\"11.9% 0% 1%\" data-1024-1280=\"13.3% 0% 7.7% 0%\" data-768-1024=\"15% 0% 15%\" data-600-768=\"21% 0% 20%\" data-480-600=\"34% 0% 34%\" data-480=\"34% 0% 34%\" >\n\t<div class=\"eltdf-eh-item-inner\" >\n\t\t<div class=\"eltdf-eh-item-content eltdf-eh-custom-467192\" style=\"padding: 24.4% 0% 13.4%\">\n\t\t\t<div class=\"eltdf-item-showcase-holder clearfix eltdf-is-equal\"><div class=\"eltdf-is-item eltdf-is-left\">\n\t<div class=\"eltdf-is-content\">\n\t\t\t\t\t<h4 class=\"eltdf-is-title\" style=\"color: #ffffff\">\n\t\t\t\t\t\t\t\tClima\t\t\t\t\t\t\t<\/h4>\n\t\t\t\t\t\t\t<p class=\"eltdf-is-text\" style=\"color: #ffffff\">El a\u00f1o 2024 comenz\u00f3 con una primavera fresca y h\u00fameda, seguida de una primavera parte de verano c\u00e1lido y seco. Septiembre comenz\u00f3 con lluvias y temperatura fresca.<\/p>\n\t\t\t<\/div>\n<\/div><div class=\"eltdf-is-item eltdf-is-right\">\n\t<div class=\"eltdf-is-content\">\n\t\t\t\t\t<h4 class=\"eltdf-is-title\" style=\"color: #ffffff\">\n\t\t\t\t\t\t\t\tViticultura\t\t\t\t\t\t\t<\/h4>\n\t\t\t\t\t\t\t<p class=\"eltdf-is-text\" style=\"color: #ffffff\">Vi\u00f1edos propios trabajados bajo una viticultura de m\u00ednima intervenci\u00f3n y razonada. Parcelas situadas a 340 y 400 m. de altitud, en Lezama y Aiara. Suelo arcilloso-calc\u00e1reo y arcilloso con piedra de arena.<\/p>\n\t\t\t<\/div>\n<\/div><div class=\"eltdf-is-item eltdf-is-left\">\n\t<div class=\"eltdf-is-content\">\n\t\t\t\t\t<h4 class=\"eltdf-is-title\" style=\"color: #ffffff\">\n\t\t\t\t\t\t\t\tVendimia\t\t\t\t\t\t\t<\/h4>\n\t\t\t\t\t\t\t<p class=\"eltdf-is-text\" style=\"color: #ffffff\">100% manual en cajas de 15 kilos. Vendimia en la segunda mitad de Octubre.<\/p>\n\t\t\t<\/div>\n<\/div><div class=\"eltdf-is-item eltdf-is-right\">\n\t<div class=\"eltdf-is-content\">\n\t\t\t\t\t<h4 class=\"eltdf-is-title\" style=\"color: #ffffff\">\n\t\t\t\t\t\t\t\tElaboraci\u00f3n\t\t\t\t\t\t\t<\/h4>\n\t\t\t\t\t\t\t<p class=\"eltdf-is-text\" style=\"color: #ffffff\">Prensado vertical de bajo rendimiento (60% max.). Fermentaci\u00f3n espont\u00e1nea con levaduras aut\u00f3ctonas en dep\u00f3sitos de inoxidable. Vinificaci\u00f3n de parcelas y variedades por separado con seis meses de permanencia sobre l\u00edas.<\/p>\n\t\t\t<\/div>\n<\/div><div class=\"eltdf-is-item eltdf-is-left\">\n\t<div class=\"eltdf-is-content\">\n\t\t\t\t\t<h4 class=\"eltdf-is-title\" style=\"color: #ffffff\">\n\t\t\t\t\t\t\t\tCaracter\u00edsticas\t\t\t\t\t\t\t<\/h4>\n\t\t\t\t\t\t\t<p class=\"eltdf-is-text\" style=\"color: #ffffff\">Color amarillo brillante. Nariz, intenso con aromas c\u00edtricos, flores blancas, heno y un fondo mineral. En boca, una entrada envolvente y equilibrado con notas c\u00edtricas y frutas blancas. Con acidez agradable, largo y elegante.<\/p>\n\t\t\t<\/div>\n<\/div><div class=\"eltdf-is-item eltdf-is-right\">\n\t<div class=\"eltdf-is-content\">\n\t\t\t\t\t<h4 class=\"eltdf-is-title\" style=\"color: #ffffff\">\n\t\t\t\t\t\t\t\tDenominaci\u00f3n\t\t\t\t\t\t\t<\/h4>\n\t\t\t\t\t\t\t<p class=\"eltdf-is-text\" style=\"color: #ffffff\">Denominaci\u00f3n de Origen Arabako Txakolina - Txakoli de \u00c1lava.<\/p>\n\t\t\t<\/div>\n<\/div><div class=\"eltdf-is-image\" style=\"margin-top: -100px\"><img loading=\"lazy\" decoding=\"async\" width=\"209\" height=\"709\" src=\"https:\/\/www.batgara.com\/nueva\/wp-content\/uploads\/2019\/11\/uno_2018.png\" class=\"attachment-full size-full\" alt=\"\" srcset=\"https:\/\/www.batgara.com\/nueva\/wp-content\/uploads\/2019\/11\/uno_2018.png 209w, https:\/\/www.batgara.com\/nueva\/wp-content\/uploads\/2019\/11\/uno_2018-88x300.png 88w\" sizes=\"(max-width: 209px) 100vw, 209px\" \/><\/div><\/div>[vc_btn title=\u00bbFICHA DE CATA\u00bb align=\u00bbcenter\u00bb i_icon_fontawesome=\u00bb\u00bb css_animation=\u00bbfadeIn\u00bb add_icon=\u00bbtrue\u00bb link=\u00bburl:https%3A%2F%2Fwww.batgara.com%2Fnueva%2Fwp-content%2Fuploads%2F2026%2F03%2FFicha-Cata-UNO-2024.pdf|target:_blank\u00bb css=\u00bb.vc_custom_1774351391707{margin-top: 25px !important;}\u00bb]\t\t<\/div>\n\t<\/div>\n\t<\/div><\/div>[\/vc_column_inner][\/vc_row_inner][\/vc_column][\/vc_row]<\/p>\n<\/section>","protected":false},"excerpt":{"rendered":"<p>[vc_row row_type=\u00bbparallax\u00bb parallax_background_image=\u00bb9008&#8243; css=\u00bb.vc_custom_1576056082865{padding-top: 0px !important;padding-bottom: 0px !important;}\u00bb anchor=\u00bbslide7&#8243;][vc_column css=\u00bb.vc_custom_1576055620286{padding-top: 50px !important;padding-bottom: 50px !important;}\u00bb offset=\u00bbvc_hidden-lg vc_hidden-md vc_hidden-sm\u00bb][vc_single_image image=\u00bb11073&#8243; img_size=\u00bbfull\u00bb alignment=\u00bbcenter\u00bb][\/vc_column][\/vc_row][vc_row row_type=\u00bbparallax\u00bb parallax_background_image=\u00bb9008&#8243; css=\u00bb.vc_custom_1556634900013{padding-top: 50px !important;padding-bottom: 50px !important;}\u00bb anchor=\u00bbslide7&#8243;][vc_column][vc_row_inner row_content_width=\u00bbgrid\u00bb content_text_aligment=\u00bbleft\u00bb][vc_column_inner][vc_column_text] UNO 2023 A\u00f1o: 2023. White wine. Localidad: Urtaran 21, Lezama Araba, Basque Country, Spain. Variedades: [&hellip;]<\/p>\n","protected":false},"author":1,"featured_media":0,"parent":0,"menu_order":0,"comment_status":"closed","ping_status":"closed","template":"full-width.php","meta":{"ngg_post_thumbnail":0,"footnotes":""},"_links":{"self":[{"href":"https:\/\/www.batgara.com\/nueva\/wp-json\/wp\/v2\/pages\/10800"}],"collection":[{"href":"https:\/\/www.batgara.com\/nueva\/wp-json\/wp\/v2\/pages"}],"about":[{"href":"https:\/\/www.batgara.com\/nueva\/wp-json\/wp\/v2\/types\/page"}],"author":[{"embeddable":true,"href":"https:\/\/www.batgara.com\/nueva\/wp-json\/wp\/v2\/users\/1"}],"replies":[{"embeddable":true,"href":"https:\/\/www.batgara.com\/nueva\/wp-json\/wp\/v2\/comments?post=10800"}],"version-history":[{"count":33,"href":"https:\/\/www.batgara.com\/nueva\/wp-json\/wp\/v2\/pages\/10800\/revisions"}],"predecessor-version":[{"id":11385,"href":"https:\/\/www.batgara.com\/nueva\/wp-json\/wp\/v2\/pages\/10800\/revisions\/11385"}],"wp:attachment":[{"href":"https:\/\/www.batgara.com\/nueva\/wp-json\/wp\/v2\/media?parent=10800"}],"curies":[{"name":"wp","href":"https:\/\/api.w.org\/{rel}","templated":true}]}}